{"id":2,"date":"2016-04-26T14:06:25","date_gmt":"2016-04-26T12:06:25","guid":{"rendered":"http:\/\/kellerparty.at\/?page_id=2"},"modified":"2016-11-04T21:40:01","modified_gmt":"2016-11-04T20:40:01","slug":"beispiel-seite","status":"publish","type":"page","link":"https:\/\/kellerparty.at\/?page_id=2","title":{"rendered":"\u00dcber Uns"},"content":{"rendered":"<p><strong>Wie alles begann &#8230;<br \/>\n<\/strong>Die Kellerparty Events finden nun seit mehr als 15 Jahren statt. Begonnen hat alles 2001 als freDs Geburtstagsfeier. Von damals gibts leider keine Fotos, was f\u00fcr manch einen auch besser so ist. Mit freDs einr\u00fccken zum Bundesheer 2001\/2002 kehrte wieder Ruhe ein, ein turbulenter Sommer 2002 folgte. Wenn auch das Bundesheer f\u00fcr sonst nichts gut ist, freD &amp; Tom lernten sich kennen und die &#8222;Achse des B\u00f6sen&#8220; begann sich zu formieren. Die erste richtige Technoparty fand dann im J\u00e4nner 2003 unter Regie von freD und Gu noch auf einer totalen Baustelle statt. Damals gabs weder Wasser noch Strom, allerdings den ersten Auftritt vom flo.<span class=\"small\">.. das &#8222;Bermuda-Dreieck&#8220; war komplett&#8230;<\/span><\/p>\n<p><strong>\u00dcber die Sache &#8230;<br \/>\n<\/strong>Kellerparty Events finden in unregelm\u00e4\u00dfigen Abst\u00e4nden, organsiert von <a href=\"http:\/\/kellerparty.at\/wp-content\/uploads\/2016\/04\/P1100063.jpg\" target=\"_blank\">freD und Viki<\/a>, unterst\u00fctzt von der Kellerparty Crew, statt. Erkl\u00e4rtes Ziel der Events ist es, die vielen genialen Leute zusammen zu bringen, die freD &amp; Co in den letzten Jahren kennengelernt haben. Was uns verbindet ist in vielen F\u00e4llen die Sucht zur Technomusik mit all den mittlerweile unz\u00e4hligen Subkulturen.<\/p>\n<p><strong>Zur Playlist&#8230;<\/strong><br \/>\nHouse, Techno, Hardstyle, Schranz, Goa, Trance, Hardcore, Speedcore, Techno\/Dance Classics, etc&#8230;.<\/p>\n<p><strong>\u00dcber die Leute &#8230;<\/strong><strong><br \/>\n<\/strong>Kellerparty bringt immer wieder die unterschiedlichsten Leute zusammen welche sich im Laufe der letzten Jahrzehnte immer mehr oder weniger regelm\u00e4\u00dfig auf unseren Events bzw. zu verschiedenen Anl\u00e4ssen zusammenfinden. Tom z.B. hat uns 2004 den R\u00fccken gekehrt, er ist nunmehr quer durch die Welt unterwegs. Hin und wieder schafft er es allerdings wieder zu uns. Wir w\u00fcnschen viel Erfolg, was immer du anpackst soll dir gelingen. Update Oktober 2016, Tom ist wieder in Salzburg \ud83d\ude09<\/p>\n<p><strong>F\u00fcr die Leute &#8230;<br \/>\n<\/strong>An dieser Stelle ein riesiges Dankesch\u00f6n an alle die immer wieder helfen, die Kellerparty Events so genial zu gestalten und legend\u00e4r zu feiern! Ein besonderes DANKE aber speziell aber an:<\/p>\n<ul>\n<li><strong>Steve G. <\/strong><span class=\"small\">Ohne Dich w\u00e4re immer noch alles ein Rohbau<br \/>\n<\/span><\/li>\n<li><strong>Gu <\/strong><span class=\"small\">Resident DJ auf den Technoparty Events und Community Super Admin \ud83d\ude09<\/span><\/li>\n<li><strong>Tim <\/strong><span class=\"small\">F\u00fcr die Freundschaft, das unendliche Engagement und die genialen Fotos<\/span><\/li>\n<\/ul>\n<p>&nbsp;<\/p>\n<p><strong>Crew Pics<\/strong><\/p>\n<div id='gallery-1' class='gallery galleryid-2 gallery-columns-3 gallery-size-thumbnail'><figure class='gallery-item'>\n\t\t\t<div class='gallery-icon portrait'>\n\t\t\t\t<a href='https:\/\/kellerparty.at\/wp-content\/uploads\/2016\/04\/P1100063.jpg'><img width=\"150\" height=\"150\" src=\"https:\/\/kellerparty.at\/wp-content\/uploads\/2016\/04\/P1100063-150x150.jpg\" class=\"attachment-thumbnail size-thumbnail\" alt=\"\" loading=\"lazy\" aria-describedby=\"gallery-1-48\" \/><\/a>\n\t\t\t<\/div>\n\t\t\t\t<figcaption class='wp-caption-text gallery-caption' id='gallery-1-48'>\n\t\t\t\tHausherrin &#038; Hausherr aka Viki &#038; freD\n\t\t\t\t<\/figcaption><\/figure><figure class='gallery-item'>\n\t\t\t<div class='gallery-icon portrait'>\n\t\t\t\t<a href='https:\/\/kellerparty.at\/wp-content\/uploads\/2016\/04\/P1100067.jpg'><img width=\"150\" height=\"150\" src=\"https:\/\/kellerparty.at\/wp-content\/uploads\/2016\/04\/P1100067-150x150.jpg\" class=\"attachment-thumbnail size-thumbnail\" alt=\"Resident DJ Gu\" loading=\"lazy\" aria-describedby=\"gallery-1-45\" \/><\/a>\n\t\t\t<\/div>\n\t\t\t\t<figcaption class='wp-caption-text gallery-caption' id='gallery-1-45'>\n\t\t\t\tResident DJ Gu\n\t\t\t\t<\/figcaption><\/figure><figure class='gallery-item'>\n\t\t\t<div class='gallery-icon landscape'>\n\t\t\t\t<a href='https:\/\/kellerparty.at\/wp-content\/uploads\/2016\/04\/P1100078.jpg'><img width=\"150\" height=\"150\" src=\"https:\/\/kellerparty.at\/wp-content\/uploads\/2016\/04\/P1100078-150x150.jpg\" class=\"attachment-thumbnail size-thumbnail\" alt=\"\" loading=\"lazy\" aria-describedby=\"gallery-1-46\" \/><\/a>\n\t\t\t<\/div>\n\t\t\t\t<figcaption class='wp-caption-text gallery-caption' id='gallery-1-46'>\n\t\t\t\tAndi K., freD, Flo, Gu, Andi D. \n\t\t\t\t<\/figcaption><\/figure><figure class='gallery-item'>\n\t\t\t<div class='gallery-icon landscape'>\n\t\t\t\t<a href='https:\/\/kellerparty.at\/wp-content\/uploads\/2016\/04\/WP_20150808_22_58_15_Pro.jpg'><img width=\"150\" height=\"150\" src=\"https:\/\/kellerparty.at\/wp-content\/uploads\/2016\/04\/WP_20150808_22_58_15_Pro-150x150.jpg\" class=\"attachment-thumbnail size-thumbnail\" alt=\"Gu, freD, Babsi, Biax, Viki, David\" loading=\"lazy\" aria-describedby=\"gallery-1-43\" \/><\/a>\n\t\t\t<\/div>\n\t\t\t\t<figcaption class='wp-caption-text gallery-caption' id='gallery-1-43'>\n\t\t\t\tGu, freD, Babsi, Biax, Viki, David\n\t\t\t\t<\/figcaption><\/figure><figure class='gallery-item'>\n\t\t\t<div class='gallery-icon portrait'>\n\t\t\t\t<a href='https:\/\/kellerparty.at\/wp-content\/uploads\/2016\/04\/P1100052.jpg'><img width=\"150\" height=\"150\" src=\"https:\/\/kellerparty.at\/wp-content\/uploads\/2016\/04\/P1100052-150x150.jpg\" class=\"attachment-thumbnail size-thumbnail\" alt=\"\" loading=\"lazy\" aria-describedby=\"gallery-1-44\" \/><\/a>\n\t\t\t<\/div>\n\t\t\t\t<figcaption class='wp-caption-text gallery-caption' id='gallery-1-44'>\n\t\t\t\tViki &#038; Babsi\n\t\t\t\t<\/figcaption><\/figure><figure class='gallery-item'>\n\t\t\t<div class='gallery-icon portrait'>\n\t\t\t\t<a href='https:\/\/kellerparty.at\/wp-content\/uploads\/2016\/04\/DSC03113.jpg'><img width=\"150\" height=\"150\" src=\"https:\/\/kellerparty.at\/wp-content\/uploads\/2016\/04\/DSC03113-150x150.jpg\" class=\"attachment-thumbnail size-thumbnail\" alt=\"Cocktail-Babs\" loading=\"lazy\" aria-describedby=\"gallery-1-47\" \/><\/a>\n\t\t\t<\/div>\n\t\t\t\t<figcaption class='wp-caption-text gallery-caption' id='gallery-1-47'>\n\t\t\t\tCocktail-Babs\n\t\t\t\t<\/figcaption><\/figure>\n\t\t<\/div>\n\n<p>&nbsp;<\/p>\n","protected":false},"excerpt":{"rendered":"<p>Wie alles begann &#8230; Die Kellerparty Events finden nun seit mehr als 15 Jahren statt. Begonnen hat alles 2001 als freDs Geburtstagsfeier. Von damals gibts leider keine Fotos, was f\u00fcr manch einen auch besser so ist. Mit freDs einr\u00fccken zum Bundesheer 2001\/2002 kehrte wieder Ruhe ein, ein turbulenter Sommer 2002 folgte. Wenn auch das Bundesheer&hellip;<\/p>\n","protected":false},"author":1,"featured_media":0,"parent":0,"menu_order":0,"comment_status":"closed","ping_status":"open","template":"","meta":[],"_links":{"self":[{"href":"https:\/\/kellerparty.at\/index.php?rest_route=\/wp\/v2\/pages\/2"}],"collection":[{"href":"https:\/\/kellerparty.at\/index.php?rest_route=\/wp\/v2\/pages"}],"about":[{"href":"https:\/\/kellerparty.at\/index.php?rest_route=\/wp\/v2\/types\/page"}],"author":[{"embeddable":true,"href":"https:\/\/kellerparty.at\/index.php?rest_route=\/wp\/v2\/users\/1"}],"replies":[{"embeddable":true,"href":"https:\/\/kellerparty.at\/index.php?rest_route=%2Fwp%2Fv2%2Fcomments&post=2"}],"version-history":[{"count":14,"href":"https:\/\/kellerparty.at\/index.php?rest_route=\/wp\/v2\/pages\/2\/revisions"}],"predecessor-version":[{"id":117,"href":"https:\/\/kellerparty.at\/index.php?rest_route=\/wp\/v2\/pages\/2\/revisions\/117"}],"wp:attachment":[{"href":"https:\/\/kellerparty.at\/index.php?rest_route=%2Fwp%2Fv2%2Fmedia&parent=2"}],"curies":[{"name":"wp","href":"https:\/\/api.w.org\/{rel}","templated":true}]}}